{"id":2943,"date":"2020-04-16T23:34:04","date_gmt":"2020-04-16T21:34:04","guid":{"rendered":"http:\/\/www.kkvrhnika.si\/?page_id=2943"},"modified":"2025-08-23T17:19:09","modified_gmt":"2025-08-23T15:19:09","slug":"zgodovina","status":"publish","type":"page","link":"https:\/\/www.kkvrhnika.si\/?page_id=2943","title":{"rendered":"ZGODOVINA"},"content":{"rendered":"\n<p>Morda je Vrhnika\nres pre\u010duden kraj, kot jo je opisal Ivan Cankar\u2026 A dejstvo je, da je to mestece\nslovenskemu prostoru ponudilo ne le odli\u010dne literate, slikarje in druge\numetnike, pa\u010d pa tudi kopico uspe\u0161nih \u0161portnikov. Nekateri med njimi (Mojca Suhadolc,\n\u0160tefan Hadalin, Alenka Bikar, Aljo\u0161a Grom\u2026) so dosegli celo rezultate, ki so\njih naredili prepoznavne v svetovnem merilu! Nikakor ni pretiravanje, \u010de\nre\u010demo, da Vrhnika \u017eivi in diha za \u0161port. KK Ipros Vrhnika je le eden od teh\nstebrov, ki \u0161iri prepoznavnost vrhni\u0161kih ljudi, \u0161e posebej \u0161portnikov. Ne le da\nje KK Ipros Vrhnika pomemben \u010dlen v tej zgradbi oz. zgodbi, njegova vloga se\nstrmo dviga in ni\u010d ne ka\u017ee, da bi kmalu zvodenela. Nasprotno. \u017delimo si \u0161e\nhitrej\u0161ega napredka, ki bo na\u0161 klub popeljal na pot stare slave, ki pa ne sega\nprav dale\u010d v preteklost.<\/p>\n\n\n\n<p>Vrhni\u0161ki\nko\u0161arkarski klub je klub z dolgoletno tradicijo, ki sega \u0161e v \u010das biv\u0161e skupne\ndr\u017eave Jugoslavije. Prvi\u010d (l. 1949) se je ko\u0161arka na Vrhniki igrala na dvori\u0161\u010du\nnekdanjega doma JLA (balini\u0161\u010de pred domom upokojencev). Takrat je ekipa DIC-a\niz Ljubljane premagala doma\u010do postavo z rezultatom 9:106! Organizirana ko\u0161arka\nse je za\u010dela igrati l. 1953, ko je v prvi uradni tekmi Vrhnika premagala Litijo\nz rezultatom 36:33. \u017de naslednje leto pa se je ekipa Vrhnike vklju\u010dila v\nliga\u0161ko tekmovanje. Nastopili so v 3. ligi pod imenom TVD Partizan Vrhnika. Leta\n1956 je ekipa nastopala v regionalni ljubljanski ligi, a pravi vzpon je\nvrhni\u0161ka ko\u0161arka do\u017eivela v drugi polovici \u0161estdesetih let. Leta 1968 je ko\u0161arkarska\nsekcija \u0161tela \u017ee 116 \u010dlanov s \u0161estimi trenerji!<\/p>\n\n\n\n<figure class=\"wp-block-image size-large\"><img loading=\"lazy\" decoding=\"async\" width=\"1024\" height=\"754\" src=\"http:\/\/www.kkvrhnika.si\/wp-content\/uploads\/2020\/04\/tvd-partizan-1-1024x754.jpg\" alt=\"Slika, ki vsebuje besede fotografija, oseba, postavljajo\u010de, staro\n\nOpis je samodejno ustvarjen\" class=\"wp-image-2949\" srcset=\"https:\/\/www.kkvrhnika.si\/wp-content\/uploads\/2020\/04\/tvd-partizan-1-1024x754.jpg 1024w, https:\/\/www.kkvrhnika.si\/wp-content\/uploads\/2020\/04\/tvd-partizan-1-scaled-350x258.jpg 350w, https:\/\/www.kkvrhnika.si\/wp-content\/uploads\/2020\/04\/tvd-partizan-1-300x221.jpg 300w, https:\/\/www.kkvrhnika.si\/wp-content\/uploads\/2020\/04\/tvd-partizan-1-768x566.jpg 768w, https:\/\/www.kkvrhnika.si\/wp-content\/uploads\/2020\/04\/tvd-partizan-1-1536x1132.jpg 1536w, https:\/\/www.kkvrhnika.si\/wp-content\/uploads\/2020\/04\/tvd-partizan-1-2048x1509.jpg 2048w\" sizes=\"auto, (max-width: 767px) 89vw, (max-width: 1000px) 54vw, (max-width: 1071px) 543px, 580px\" \/><\/figure>\n\n\n\n<p>\u0160D Partizan Vrhnika 1968 \u2013 1969<\/p>\n\n\n\n<p>Prve tekme na dr\u017eavnem nivoju je \u010dlanska ekipa igrala \u0161e na nepokritem zunanjem igri\u0161\u010du v&nbsp; \u0161portnem parku pri osnovni \u0161oli Ivana Cankarja. Prete\u017eno doma\u010di igralci so takrat uspe\u0161no zastopali klubske barve v 2. Jugoslovanski ligi. Govorimo seveda o ekipi fantov in prijateljev, ki so zdru\u017eeni v ekipi Vrhnike osvojili ko\u0161arkarski pokal Slovenije in se s tem uvrstili med osem najbolj\u0161ih ekip nekdanje Jugoslavije! Davnega 27. aprila 1972 je slavno Olimpijo na zunanjem igri\u0161\u010du, pred 500 gledalci, premagala ekipa Vrhnike, pod vodstvom trenerja Viktorja \u017daklja,&nbsp; z rezultatom 77:72 (Gantar 18, Globa\u010dnik 20, De Gleria 15, Bo\u017ei\u010d 2, Kukec 4, Modrijan 3 in Obid 15). Dnevno \u010dasopisje je takrat zapisalo, da je Olimpija do\u017eivela presenetljiv, a zaslu\u017een poraz. Igralci uglednega \u010dlana prve zvezne lige (Lorbek, Sagadin, Fi\u0161er, \u017dorga\u2026)  so bili menda tako presene\u010deni in nezadovoljni, da niso prisostvovali podelitvi pokala, temve\u010d so takoj po zadnjem sodnikovem \u017evi\u017egu od\u0161li v sla\u010dilnico\u2026 A to je bil le eden od vrhuncev zmagovitega obdobja najve\u010djih uspehov, ki je trajalo od l. 1969 do l. 1973. Pred osvojitvijo slovenskega pokala je ekipa Vrhnike na kvalifikacijskem turnirju v Pulju zasedla odli\u010dno 2. mesto in se tako neposredno uvrstila v 2. ZKL \u2013 zahod!<\/p>\n\n\n\n<figure class=\"wp-block-image size-large\"><img loading=\"lazy\" decoding=\"async\" width=\"548\" height=\"525\" src=\"http:\/\/www.kkvrhnika.si\/wp-content\/uploads\/2020\/04\/pokala.jpg\" alt=\"\" class=\"wp-image-2948\" srcset=\"https:\/\/www.kkvrhnika.si\/wp-content\/uploads\/2020\/04\/pokala.jpg 548w, https:\/\/www.kkvrhnika.si\/wp-content\/uploads\/2020\/04\/pokala-350x335.jpg 350w, https:\/\/www.kkvrhnika.si\/wp-content\/uploads\/2020\/04\/pokala-300x287.jpg 300w\" sizes=\"auto, (max-width: 548px) 100vw, 548px\" \/><\/figure>\n\n\n\n<p>Presti\u017eni pokali iz \u010dasa najve\u010djih uspehov vrhni\u0161ke ko\u0161arke<\/p>\n\n\n\n<figure class=\"wp-block-image size-large\"><img loading=\"lazy\" decoding=\"async\" width=\"700\" height=\"467\" src=\"http:\/\/www.kkvrhnika.si\/wp-content\/uploads\/2020\/04\/50letnica-1.jpg\" alt=\"\" class=\"wp-image-2947\" srcset=\"https:\/\/www.kkvrhnika.si\/wp-content\/uploads\/2020\/04\/50letnica-1.jpg 700w, https:\/\/www.kkvrhnika.si\/wp-content\/uploads\/2020\/04\/50letnica-1-350x234.jpg 350w, https:\/\/www.kkvrhnika.si\/wp-content\/uploads\/2020\/04\/50letnica-1-300x200.jpg 300w\" sizes=\"auto, (max-width: 700px) 100vw, 700px\" \/><\/figure>\n\n\n\n<p>Sre\u010danje zlate generacije ob 50-letnici najve\u010djih uspehov<\/p>\n\n\n\n<p>V obdobju najve\u010djih uspehov vrhni\u0161ke ko\u0161arke se je na zunanjem igri\u0161\u010du odigralo kar nekaj prijateljskih revijalnih tekem. Najpomembnej\u0161i med njimi sta bili tekmi z Urugvajem in Jugoslavijo, ki sta igrali na Svetovnem prvenstvu v Ljubljani. Slednja je tam osvojila tudi naslov svetovnega prvaka. Ob igri\u0161\u010du (brez tribun) se je takrat na Vrhniki zbralo rekordnih 1000 gledalcev!<\/p>\n\n\n\n<figure class=\"wp-block-image size-large\"><img loading=\"lazy\" decoding=\"async\" width=\"1024\" height=\"563\" src=\"http:\/\/www.kkvrhnika.si\/wp-content\/uploads\/2020\/04\/yu-vrh-1-1024x563.jpg\" alt=\"\" class=\"wp-image-2946\" srcset=\"https:\/\/www.kkvrhnika.si\/wp-content\/uploads\/2020\/04\/yu-vrh-1-1024x563.jpg 1024w, https:\/\/www.kkvrhnika.si\/wp-content\/uploads\/2020\/04\/yu-vrh-1-scaled-350x193.jpg 350w, https:\/\/www.kkvrhnika.si\/wp-content\/uploads\/2020\/04\/yu-vrh-1-300x165.jpg 300w, https:\/\/www.kkvrhnika.si\/wp-content\/uploads\/2020\/04\/yu-vrh-1-768x423.jpg 768w, https:\/\/www.kkvrhnika.si\/wp-content\/uploads\/2020\/04\/yu-vrh-1-1536x845.jpg 1536w, https:\/\/www.kkvrhnika.si\/wp-content\/uploads\/2020\/04\/yu-vrh-1-2048x1127.jpg 2048w\" sizes=\"auto, (max-width: 767px) 89vw, (max-width: 1000px) 54vw, (max-width: 1071px) 543px, 580px\" \/><\/figure>\n\n\n\n<p>S tekme Vrhnika : Jugoslavija<\/p>\n\n\n\n<p>Od tistih \u010dasov je klub najve\u010dje uspehe dosegal z igranjem v 2. SKL, oz. z uvrstitvijo v 1.B ligo. \u017dal propadajo\u010de lokalno gospodarstvo in slab\u0161anje stanja javnih financ ni zmoglo slediti \u0161portnim apetitom uprave kluba, saj so se z nizanjem uspehov dvigali tudi stro\u0161ki delovanja tak\u0161nega pogona. Sledila je\u00a0 razpustitev \u010dlanske ekipe, kar je s seboj potegnilo destabilizacijo celotnega kluba. Hitre menjave \u00a0uprav in predsednikov je obdobje stagnacije le \u0161e podalj\u0161evalo. Bolj\u0161i \u010dasi so se pri\u010deli kazati v obdobju zadnjih dveh uprav, ki sta uspeli v klub privabiti ljudi z visoko motivacijo in izrazito klubsko pripadnostjo. Po za\u010detnih te\u017eavah (nazadovanje v 4. SKL) so se kmalu pokazali pravi rezultati. V obdobju dveh let je Vrhnika postala prvak 3. SKL (sezona 2022\/23) in se \u017ee v prvem letu nastopanja v 2. SKL uvrstila med \u0161tiri najbolj\u0161e ekipe omenjene lige!<\/p>\n\n\n\n<figure class=\"wp-block-image size-full\"><a href=\"https:\/\/www.kkvrhnika.si\/wp-content\/uploads\/2025\/08\/pokal2.jpg\"><img loading=\"lazy\" decoding=\"async\" width=\"937\" height=\"938\" src=\"https:\/\/www.kkvrhnika.si\/wp-content\/uploads\/2025\/08\/pokal2.jpg\" alt=\"\" class=\"wp-image-5687\" srcset=\"https:\/\/www.kkvrhnika.si\/wp-content\/uploads\/2025\/08\/pokal2.jpg 937w, https:\/\/www.kkvrhnika.si\/wp-content\/uploads\/2025\/08\/pokal2-300x300.jpg 300w, https:\/\/www.kkvrhnika.si\/wp-content\/uploads\/2025\/08\/pokal2-150x150.jpg 150w, https:\/\/www.kkvrhnika.si\/wp-content\/uploads\/2025\/08\/pokal2-768x769.jpg 768w, https:\/\/www.kkvrhnika.si\/wp-content\/uploads\/2025\/08\/pokal2-100x100.jpg 100w, https:\/\/www.kkvrhnika.si\/wp-content\/uploads\/2025\/08\/pokal2-250x250.jpg 250w, https:\/\/www.kkvrhnika.si\/wp-content\/uploads\/2025\/08\/pokal2-350x350.jpg 350w\" sizes=\"auto, (max-width: 767px) 89vw, (max-width: 1000px) 54vw, (max-width: 1071px) 543px, 580px\" \/><\/a><\/figure>\n\n\n\n<p>Pokal za osvojeno 1. mesto v 3. SKL<\/p>\n\n\n\n<p>Danes je KK Vrhnika uspe\u0161en in moderno zasnovan klub. Razvita je celotna igralska struktura, od \u0161ole ko\u0161arke do \u010dlanske ekipe. Slednja je v ve\u010dini sestavljena iz mladih, doma\u010dih igralcev. Napredku kluba botruje tudi prihajanje igralcev s \u0161ir\u0161ega obmo\u010dja, \u0161e posebej pa nas veseli, da se vra\u010dajo tisti, ki so neko\u010d \u017ee zapustili mati\u010dni klub. Odli\u010dno sodelovanje s krovno organizacijo (KZS) je v preteklosti vodilo k organiziranju razli\u010dnih prireditev. Najbolj odmevna med vsemi je bila zagotovo priprava Dneva slovenske ko\u0161arke \u2013 All Stars (2015), ki je po\u017eela \u0161tevilne pohvale z vseh strani. Na tej prireditvi je v tekmovanju v zabijanju zmagal Vrhni\u010dan Rok Savi\u0107! Vzgajamo dobre igralce in nekateri dosegajo vidne rezultate v slovenskih reprezentancah. Predvsem pa vzgajamo dobre in odgovorne ljudi, kar je tudi eden od pomembnej\u0161ih ciljev kluba.<\/p>\n\n\n\n<figure class=\"wp-block-image size-large\"><img loading=\"lazy\" decoding=\"async\" width=\"840\" height=\"559\" src=\"http:\/\/www.kkvrhnika.si\/wp-content\/uploads\/2020\/04\/all-stars-plakat-1.jpg\" alt=\"All Stars 2015 v znamenju jubileja\" class=\"wp-image-2945\" srcset=\"https:\/\/www.kkvrhnika.si\/wp-content\/uploads\/2020\/04\/all-stars-plakat-1.jpg 840w, https:\/\/www.kkvrhnika.si\/wp-content\/uploads\/2020\/04\/all-stars-plakat-1-350x233.jpg 350w, https:\/\/www.kkvrhnika.si\/wp-content\/uploads\/2020\/04\/all-stars-plakat-1-300x200.jpg 300w, https:\/\/www.kkvrhnika.si\/wp-content\/uploads\/2020\/04\/all-stars-plakat-1-768x511.jpg 768w, https:\/\/www.kkvrhnika.si\/wp-content\/uploads\/2020\/04\/all-stars-plakat-1-750x500.jpg 750w\" sizes=\"auto, (max-width: 767px) 89vw, (max-width: 1000px) 54vw, (max-width: 1071px) 543px, 580px\" \/><\/figure>\n\n\n\n<p>Reklamni letak za presti\u017eno ko\u0161arkarsko prireditev<\/p>\n\n\n\n<figure class=\"wp-block-image size-large\"><img loading=\"lazy\" decoding=\"async\" width=\"720\" height=\"960\" src=\"http:\/\/www.kkvrhnika.si\/wp-content\/uploads\/2020\/04\/evropski-pokal-1.jpg\" alt=\"Slika, ki vsebuje besede oseba, notranji, stoje\u010de, mo\u0161ki\n\nOpis je samodejno ustvarjen\" class=\"wp-image-2944\" srcset=\"https:\/\/www.kkvrhnika.si\/wp-content\/uploads\/2020\/04\/evropski-pokal-1.jpg 720w, https:\/\/www.kkvrhnika.si\/wp-content\/uploads\/2020\/04\/evropski-pokal-1-350x467.jpg 350w, https:\/\/www.kkvrhnika.si\/wp-content\/uploads\/2020\/04\/evropski-pokal-1-225x300.jpg 225w\" sizes=\"auto, (max-width: 720px) 100vw, 720px\" \/><\/figure>\n\n\n\n<p>Evropski pokal na Vrhniki<\/p>\n\n\n\n<p>Vse na\u0161teto je\nbilo in je \u0161e vedno mogo\u010de le ob predpostavki, da klub goji in \u010duti povezanost\ns \u0161ir\u0161im dru\u017ebenim okoljem. Samo uspe\u0161na sinergija vseh dele\u017enikov lahko\nbotruje ambicioznim pogledom v prihodnji razvoj kluba. Cilji pa so in morajo\nbiti vedno visoki. Hvala vsem sponzorjem in donatorjem, preteklim in sedanjim,\nda nam omogo\u010date spogledovanje s temi cilji.<\/p>\n","protected":false},"excerpt":{"rendered":"<p>Morda je Vrhnika res pre\u010duden kraj, kot jo je opisal Ivan Cankar\u2026 A dejstvo je, da je to mestece slovenskemu prostoru ponudilo ne le odli\u010dne literate, slikarje in druge umetnike, &hellip; <\/p>\n<p class=\"link-more\"><a href=\"https:\/\/www.kkvrhnika.si\/?page_id=2943\" class=\"more-link\">Preberi ve\u010d<span class=\"screen-reader-text\"> &#8220;ZGODOVINA&#8221;<\/span><\/a><\/p>\n","protected":false},"author":9,"featured_media":0,"parent":0,"menu_order":0,"comment_status":"closed","ping_status":"closed","template":"","meta":{"footnotes":""},"class_list":["post-2943","page","type-page","status-publish","hentry"],"_links":{"self":[{"href":"https:\/\/www.kkvrhnika.si\/index.php?rest_route=\/wp\/v2\/pages\/2943","targetHints":{"allow":["GET"]}}],"collection":[{"href":"https:\/\/www.kkvrhnika.si\/index.php?rest_route=\/wp\/v2\/pages"}],"about":[{"href":"https:\/\/www.kkvrhnika.si\/index.php?rest_route=\/wp\/v2\/types\/page"}],"author":[{"embeddable":true,"href":"https:\/\/www.kkvrhnika.si\/index.php?rest_route=\/wp\/v2\/users\/9"}],"replies":[{"embeddable":true,"href":"https:\/\/www.kkvrhnika.si\/index.php?rest_route=%2Fwp%2Fv2%2Fcomments&post=2943"}],"version-history":[{"count":2,"href":"https:\/\/www.kkvrhnika.si\/index.php?rest_route=\/wp\/v2\/pages\/2943\/revisions"}],"predecessor-version":[{"id":5691,"href":"https:\/\/www.kkvrhnika.si\/index.php?rest_route=\/wp\/v2\/pages\/2943\/revisions\/5691"}],"wp:attachment":[{"href":"https:\/\/www.kkvrhnika.si\/index.php?rest_route=%2Fwp%2Fv2%2Fmedia&parent=2943"}],"curies":[{"name":"wp","href":"https:\/\/api.w.org\/{rel}","templated":true}]}}