{"id":14,"date":"2017-08-12T13:11:17","date_gmt":"2017-08-12T11:11:17","guid":{"rendered":"http:\/\/www.kkvrhnika.si\/?page_id=14"},"modified":"2025-12-22T14:20:34","modified_gmt":"2025-12-22T13:20:34","slug":"ekipe","status":"publish","type":"page","link":"https:\/\/www.kkvrhnika.si\/?page_id=14","title":{"rendered":"EKIPE"},"content":{"rendered":"\n<h4 class=\"wp-block-heading\"><strong>\u010cLANI<\/strong><\/h4>\n\n\n\n<p>Trener: Predrag Radovi\u0107, Luka Radovi\u0107 (pomo\u010dnik)<\/p>\n\n\n\n<figure class=\"wp-block-image size-large\"><a href=\"https:\/\/www.kkvrhnika.si\/wp-content\/uploads\/2025\/10\/cl1.jpg\"><img loading=\"lazy\" decoding=\"async\" width=\"1024\" height=\"768\" src=\"https:\/\/www.kkvrhnika.si\/wp-content\/uploads\/2025\/10\/cl1-1024x768.jpg\" alt=\"\" class=\"wp-image-5744\" srcset=\"https:\/\/www.kkvrhnika.si\/wp-content\/uploads\/2025\/10\/cl1-1024x768.jpg 1024w, https:\/\/www.kkvrhnika.si\/wp-content\/uploads\/2025\/10\/cl1-300x225.jpg 300w, https:\/\/www.kkvrhnika.si\/wp-content\/uploads\/2025\/10\/cl1-768x576.jpg 768w, https:\/\/www.kkvrhnika.si\/wp-content\/uploads\/2025\/10\/cl1-1536x1152.jpg 1536w, https:\/\/www.kkvrhnika.si\/wp-content\/uploads\/2025\/10\/cl1-350x263.jpg 350w, https:\/\/www.kkvrhnika.si\/wp-content\/uploads\/2025\/10\/cl1.jpg 2040w\" sizes=\"auto, (max-width: 767px) 89vw, (max-width: 1000px) 54vw, (max-width: 1071px) 543px, 580px\" \/><\/a><\/figure>\n\n\n\n<h4 class=\"wp-block-heading\"><strong>U20<\/strong><\/h4>\n\n\n\n<p>Letniki: 2006 in mlaj\u0161i<br>Trener: Vlado Velikonja<br><a href=\"http:\/\/www.kkvrhnika.si\/urnik-treningov\/\">Urnik treningov<\/a><\/p>\n\n\n\n<figure class=\"wp-block-image size-large\"><a href=\"https:\/\/www.kkvrhnika.si\/wp-content\/uploads\/2025\/09\/U20-scaled.jpg\"><img loading=\"lazy\" decoding=\"async\" width=\"1024\" height=\"576\" src=\"https:\/\/www.kkvrhnika.si\/wp-content\/uploads\/2025\/09\/U20-1024x576.jpg\" alt=\"\" class=\"wp-image-5717\" srcset=\"https:\/\/www.kkvrhnika.si\/wp-content\/uploads\/2025\/09\/U20-1024x576.jpg 1024w, https:\/\/www.kkvrhnika.si\/wp-content\/uploads\/2025\/09\/U20-300x169.jpg 300w, https:\/\/www.kkvrhnika.si\/wp-content\/uploads\/2025\/09\/U20-768x432.jpg 768w, https:\/\/www.kkvrhnika.si\/wp-content\/uploads\/2025\/09\/U20-1536x864.jpg 1536w, https:\/\/www.kkvrhnika.si\/wp-content\/uploads\/2025\/09\/U20-2048x1152.jpg 2048w, https:\/\/www.kkvrhnika.si\/wp-content\/uploads\/2025\/09\/U20-350x197.jpg 350w\" sizes=\"auto, (max-width: 767px) 89vw, (max-width: 1000px) 54vw, (max-width: 1071px) 543px, 580px\" \/><\/a><\/figure>\n\n\n\n<h4 class=\"wp-block-heading\"><strong>U18 A<\/strong><\/h4>\n\n\n\n<p>Letniki: 2008 in mlaj\u0161i<br>Trener: Vlado Velikonja<br><a href=\"http:\/\/www.kkvrhnika.si\/urnik-treningov\/\">Urnik treningov<\/a><br><a href=\"https:\/\/invite.viber.com\/?g2=AQBnjBM6t6jhKk0cvk5g9qqCtl%2Bl60GeVYZmbBJakc14BXnfiC8e8VfcakOQ5N3w\">Viber&nbsp;<\/a><a href=\"https:\/\/invite.viber.com\/?g2=AQBDEN%2BDacqbGFF2eswQ%2FgFYyvT7DzGhGclrUaPzAODC%2FzMKGOAlHjSBGBZaeoTM\">obvestila<\/a><\/p>\n\n\n\n<figure class=\"wp-block-image size-large\"><a href=\"https:\/\/www.kkvrhnika.si\/wp-content\/uploads\/2025\/09\/U18A-1.jpg\"><img loading=\"lazy\" decoding=\"async\" width=\"1024\" height=\"768\" src=\"https:\/\/www.kkvrhnika.si\/wp-content\/uploads\/2025\/09\/U18A-1-1024x768.jpg\" alt=\"\" class=\"wp-image-5728\" srcset=\"https:\/\/www.kkvrhnika.si\/wp-content\/uploads\/2025\/09\/U18A-1-1024x768.jpg 1024w, https:\/\/www.kkvrhnika.si\/wp-content\/uploads\/2025\/09\/U18A-1-300x225.jpg 300w, https:\/\/www.kkvrhnika.si\/wp-content\/uploads\/2025\/09\/U18A-1-768x576.jpg 768w, https:\/\/www.kkvrhnika.si\/wp-content\/uploads\/2025\/09\/U18A-1-1536x1152.jpg 1536w, https:\/\/www.kkvrhnika.si\/wp-content\/uploads\/2025\/09\/U18A-1-350x263.jpg 350w, https:\/\/www.kkvrhnika.si\/wp-content\/uploads\/2025\/09\/U18A-1.jpg 2040w\" sizes=\"auto, (max-width: 767px) 89vw, (max-width: 1000px) 54vw, (max-width: 1071px) 543px, 580px\" \/><\/a><\/figure>\n\n\n\n<p><strong>U18 B<\/strong><\/p>\n\n\n\n<p>Letniki: 2008 in mlaj\u0161i<br>Trener: Nik Rajh<br><a href=\"http:\/\/www.kkvrhnika.si\/urnik-treningov\/\">Urnik treningov<\/a><br><a href=\"https:\/\/invite.viber.com\/?g2=AQBnjBM6t6jhKk0cvk5g9qqCtl%2Bl60GeVYZmbBJakc14BXnfiC8e8VfcakOQ5N3w\">Viber&nbsp;<\/a><a href=\"https:\/\/invite.viber.com\/?g2=AQBDEN%2BDacqbGFF2eswQ%2FgFYyvT7DzGhGclrUaPzAODC%2FzMKGOAlHjSBGBZaeoTM\">obvestila<\/a><\/p>\n\n\n\n<h4 class=\"wp-block-heading\"><strong>U16 A<\/strong><\/h4>\n\n\n\n<p>Letniki 2010 in mlaj\u0161i<br>Trener: Matic Vidic<br><a href=\"http:\/\/www.kkvrhnika.si\/urnik-treningov\/\">Urnik treningov<\/a><br><a href=\"https:\/\/invite.viber.com\/?g2=AQBnjBM6t6jhKk0cvk5g9qqCtl%2Bl60GeVYZmbBJakc14BXnfiC8e8VfcakOQ5N3w\">Viber&nbsp;<\/a><a href=\"https:\/\/invite.viber.com\/?g2=AQBHZt51ogOEJ1F2e92qIYLeMaoKPDE%2BWiZhuu3Ul7qZEmGItwiDBhuG%2FsdH%2B8VG\">obvestila<\/a><\/p>\n\n\n\n<h4 class=\"wp-block-heading\"><strong>U16 B<\/strong><\/h4>\n\n\n\n<p>Letniki 2010 in mlaj\u0161i<br>Trener: Nace Smrekar<br><a href=\"http:\/\/www.kkvrhnika.si\/urnik-treningov\/\">Urnik treningov<\/a><br><a href=\"https:\/\/invite.viber.com\/?g2=AQBnjBM6t6jhKk0cvk5g9qqCtl%2Bl60GeVYZmbBJakc14BXnfiC8e8VfcakOQ5N3w\">Viber&nbsp;<\/a><a href=\"https:\/\/invite.viber.com\/?g2=AQBHZt51ogOEJ1F2e92qIYLeMaoKPDE%2BWiZhuu3Ul7qZEmGItwiDBhuG%2FsdH%2B8VG\">obvestila<\/a><\/p>\n\n\n\n<figure class=\"wp-block-image size-large\"><a href=\"https:\/\/www.kkvrhnika.si\/wp-content\/uploads\/2025\/10\/u16B.jpg\"><img loading=\"lazy\" decoding=\"async\" width=\"1024\" height=\"577\" src=\"https:\/\/www.kkvrhnika.si\/wp-content\/uploads\/2025\/10\/u16B-1024x577.jpg\" alt=\"\" class=\"wp-image-5749\" srcset=\"https:\/\/www.kkvrhnika.si\/wp-content\/uploads\/2025\/10\/u16B-1024x577.jpg 1024w, https:\/\/www.kkvrhnika.si\/wp-content\/uploads\/2025\/10\/u16B-300x169.jpg 300w, https:\/\/www.kkvrhnika.si\/wp-content\/uploads\/2025\/10\/u16B-768x432.jpg 768w, https:\/\/www.kkvrhnika.si\/wp-content\/uploads\/2025\/10\/u16B-1536x865.jpg 1536w, https:\/\/www.kkvrhnika.si\/wp-content\/uploads\/2025\/10\/u16B-350x197.jpg 350w, https:\/\/www.kkvrhnika.si\/wp-content\/uploads\/2025\/10\/u16B.jpg 1600w\" sizes=\"auto, (max-width: 767px) 89vw, (max-width: 1000px) 54vw, (max-width: 1071px) 543px, 580px\" \/><\/a><\/figure>\n\n\n\n<h4 class=\"wp-block-heading\"><strong>U14 A<\/strong><\/h4>\n\n\n\n<p>Letniki 2012 in mlaj\u0161i<br>Trener: Ga\u0161per Medme\u0161<br><a href=\"http:\/\/www.kkvrhnika.si\/urnik-treningov\/\">Urnik treningov<\/a><br><a href=\"https:\/\/invite.viber.com\/?g2=AQAOLM33fNXIAFGE5K82WOlBK1qjMbNF6S9EkQVHV734FuRm%2BmHHrsx%2BfjnI%2BN%2FP\">Viber obvestila<\/a><\/p>\n\n\n\n<figure class=\"wp-block-image size-large\"><a href=\"https:\/\/www.kkvrhnika.si\/wp-content\/uploads\/2025\/09\/U14A.jpg\"><img loading=\"lazy\" decoding=\"async\" width=\"1024\" height=\"768\" src=\"https:\/\/www.kkvrhnika.si\/wp-content\/uploads\/2025\/09\/U14A-1024x768.jpg\" alt=\"\" class=\"wp-image-5740\" srcset=\"https:\/\/www.kkvrhnika.si\/wp-content\/uploads\/2025\/09\/U14A-1024x768.jpg 1024w, https:\/\/www.kkvrhnika.si\/wp-content\/uploads\/2025\/09\/U14A-300x225.jpg 300w, https:\/\/www.kkvrhnika.si\/wp-content\/uploads\/2025\/09\/U14A-768x576.jpg 768w, https:\/\/www.kkvrhnika.si\/wp-content\/uploads\/2025\/09\/U14A-1536x1152.jpg 1536w, https:\/\/www.kkvrhnika.si\/wp-content\/uploads\/2025\/09\/U14A-350x263.jpg 350w, https:\/\/www.kkvrhnika.si\/wp-content\/uploads\/2025\/09\/U14A.jpg 1600w\" sizes=\"auto, (max-width: 767px) 89vw, (max-width: 1000px) 54vw, (max-width: 1071px) 543px, 580px\" \/><\/a><\/figure>\n\n\n\n<h4 class=\"wp-block-heading\"><strong>U14 B<\/strong><\/h4>\n\n\n\n<p>Letniki 2012 in mlaj\u0161i<br>Trener: Lovro Gantar<br><a href=\"http:\/\/www.kkvrhnika.si\/urnik-treningov\/\">Urnik treningov<\/a><br><a href=\"https:\/\/invite.viber.com\/?g2=AQBYJO7z7ouqalGE5I%2B6qwJgiOe27Baio9YNJZXhX2rYP11Uky29EoQ1ywAJBtnV\">Viber obvestila<\/a><\/p>\n\n\n\n<figure class=\"wp-block-image size-large\"><a href=\"https:\/\/www.kkvrhnika.si\/wp-content\/uploads\/2025\/10\/u14b-scaled.jpg\"><img loading=\"lazy\" decoding=\"async\" width=\"768\" height=\"1024\" src=\"https:\/\/www.kkvrhnika.si\/wp-content\/uploads\/2025\/10\/u14b-768x1024.jpg\" alt=\"\" class=\"wp-image-5747\" srcset=\"https:\/\/www.kkvrhnika.si\/wp-content\/uploads\/2025\/10\/u14b-768x1024.jpg 768w, https:\/\/www.kkvrhnika.si\/wp-content\/uploads\/2025\/10\/u14b-225x300.jpg 225w, https:\/\/www.kkvrhnika.si\/wp-content\/uploads\/2025\/10\/u14b-1152x1536.jpg 1152w, https:\/\/www.kkvrhnika.si\/wp-content\/uploads\/2025\/10\/u14b-1536x2048.jpg 1536w, https:\/\/www.kkvrhnika.si\/wp-content\/uploads\/2025\/10\/u14b-350x467.jpg 350w, https:\/\/www.kkvrhnika.si\/wp-content\/uploads\/2025\/10\/u14b-scaled.jpg 1920w\" sizes=\"auto, (max-width: 767px) 89vw, (max-width: 1000px) 54vw, (max-width: 1071px) 543px, 580px\" \/><\/a><\/figure>\n\n\n\n<h4 class=\"wp-block-heading\"><strong>U12 A<\/strong><\/h4>\n\n\n\n<p>Letniki 2014 in mlaj\u0161i<br>Trener: Matic Vidic, Alen Luji\u0107<br><a href=\"http:\/\/www.kkvrhnika.si\/urnik-treningov\/\">Urnik treningov<\/a><br><a href=\"https:\/\/invite.viber.com\/?g2=AQAFdUdSWVZieVGE5G6USlE73YebPj4xMf8ckV7gOwhDX5QsFUc3RgPM05zMcWW5\">Viber obvestila<\/a><\/p>\n\n\n\n<h4 class=\"wp-block-heading\"><strong>U12 B<\/strong><\/h4>\n\n\n\n<p>Letniki 2014 in mlaj\u0161i<br>Trener: Alen Luji\u0107, Matic Vidic<br><a href=\"http:\/\/www.kkvrhnika.si\/urnik-treningov\/\">Urnik treningov<\/a><br><a href=\"https:\/\/invite.viber.com\/?g2=AQB2RFwSutFbHVGE5EAS0fXto8OslNCXPzuCaM5fPZEAQypORfj9mPnliwXRL37i\">Viber obvestila<\/a><\/p>\n\n\n\n<h4 class=\"wp-block-heading\"><strong>U10<\/strong><\/h4>\n\n\n\n<p>Letniki 2016 in mlaj\u0161i<br>Trener: Matic Vidic<br><a href=\"http:\/\/www.kkvrhnika.si\/urnik-treningov\/\">Urnik treningov<\/a><br><a href=\"https:\/\/invite.viber.com\/?g2=AQB2RFwSutFbHVGE5EAS0fXto8OslNCXPzuCaM5fPZEAQypORfj9mPnliwXRL37i\">Viber obvestila<\/a><\/p>\n","protected":false},"excerpt":{"rendered":"<p>\u010cLANI Trener: Predrag Radovi\u0107, Luka Radovi\u0107 (pomo\u010dnik) U20 Letniki: 2006 in mlaj\u0161iTrener: Vlado VelikonjaUrnik treningov U18 A Letniki: 2008 in mlaj\u0161iTrener: Vlado VelikonjaUrnik treningovViber&nbsp;obvestila U18 B Letniki: 2008 in mlaj\u0161iTrener: &hellip; <\/p>\n<p class=\"link-more\"><a href=\"https:\/\/www.kkvrhnika.si\/?page_id=14\" class=\"more-link\">Preberi ve\u010d<span class=\"screen-reader-text\"> &#8220;EKIPE&#8221;<\/span><\/a><\/p>\n","protected":false},"author":9,"featured_media":0,"parent":0,"menu_order":0,"comment_status":"closed","ping_status":"closed","template":"","meta":{"footnotes":""},"class_list":["post-14","page","type-page","status-publish","hentry"],"_links":{"self":[{"href":"https:\/\/www.kkvrhnika.si\/index.php?rest_route=\/wp\/v2\/pages\/14","targetHints":{"allow":["GET"]}}],"collection":[{"href":"https:\/\/www.kkvrhnika.si\/index.php?rest_route=\/wp\/v2\/pages"}],"about":[{"href":"https:\/\/www.kkvrhnika.si\/index.php?rest_route=\/wp\/v2\/types\/page"}],"author":[{"embeddable":true,"href":"https:\/\/www.kkvrhnika.si\/index.php?rest_route=\/wp\/v2\/users\/9"}],"replies":[{"embeddable":true,"href":"https:\/\/www.kkvrhnika.si\/index.php?rest_route=%2Fwp%2Fv2%2Fcomments&post=14"}],"version-history":[{"count":2,"href":"https:\/\/www.kkvrhnika.si\/index.php?rest_route=\/wp\/v2\/pages\/14\/revisions"}],"predecessor-version":[{"id":5825,"href":"https:\/\/www.kkvrhnika.si\/index.php?rest_route=\/wp\/v2\/pages\/14\/revisions\/5825"}],"wp:attachment":[{"href":"https:\/\/www.kkvrhnika.si\/index.php?rest_route=%2Fwp%2Fv2%2Fmedia&parent=14"}],"curies":[{"name":"wp","href":"https:\/\/api.w.org\/{rel}","templated":true}]}}